{"id":651,"date":"2024-09-06T22:40:18","date_gmt":"2024-09-06T20:40:18","guid":{"rendered":"https:\/\/www.laden-treff.de\/d\/?page_id=651"},"modified":"2025-08-20T20:50:35","modified_gmt":"2025-08-20T18:50:35","slug":"presse","status":"publish","type":"page","link":"https:\/\/www.laden-treff.de\/d\/presse\/","title":{"rendered":"Presse"},"content":{"rendered":"\t\t<div data-elementor-type=\"wp-page\" data-elementor-id=\"651\" class=\"elementor elementor-651\">\n\t\t\t\t<div class=\"elementor-element elementor-element-244ab95 e-flex e-con-boxed e-con e-parent\" data-id=\"244ab95\" data-element_type=\"container\" data-e-type=\"container\">\n\t\t\t\t\t<div class=\"e-con-inner\">\n\t\t\t\t<div class=\"elementor-element elementor-element-799d8c8 elementor-widget elementor-widget-spacer\" data-id=\"799d8c8\" data-element_type=\"widget\" data-e-type=\"widget\" data-widget_type=\"spacer.default\">\n\t\t\t\t<div class=\"elementor-widget-container\">\n\t\t\t\t\t\t\t<div class=\"elementor-spacer\">\n\t\t\t<div class=\"elementor-spacer-inner\"><\/div>\n\t\t<\/div>\n\t\t\t\t\t\t<\/div>\n\t\t\t\t<\/div>\n\t\t\t\t\t<\/div>\n\t\t\t\t<\/div>\n\t\t<div class=\"elementor-element elementor-element-80e8ac5 e-flex e-con-boxed e-con e-parent\" data-id=\"80e8ac5\" data-element_type=\"container\" data-e-type=\"container\">\n\t\t\t\t\t<div class=\"e-con-inner\">\n\t\t\t\t<div class=\"elementor-element elementor-element-9725e1a elementor-widget elementor-widget-heading\" data-id=\"9725e1a\" data-element_type=\"widget\" data-e-type=\"widget\" data-widget_type=\"heading.default\">\n\t\t\t\t<div class=\"elementor-widget-container\">\n\t\t\t\t\t<h1 class=\"elementor-heading-title elementor-size-default\">Pressemitteilungen und Artikel \u00fcber den LadenTreff<\/h1>\t\t\t\t<\/div>\n\t\t\t\t<\/div>\n\t\t\t\t\t<\/div>\n\t\t\t\t<\/div>\n\t\t<div class=\"elementor-element elementor-element-ce60247 e-flex e-con-boxed e-con e-parent\" data-id=\"ce60247\" data-element_type=\"container\" data-e-type=\"container\">\n\t\t\t\t\t<div class=\"e-con-inner\">\n\t\t\t\t<div class=\"elementor-element elementor-element-936d836 elementor-widget elementor-widget-toggle\" data-id=\"936d836\" data-element_type=\"widget\" data-e-type=\"widget\" data-widget_type=\"toggle.default\">\n\t\t\t\t<div class=\"elementor-widget-container\">\n\t\t\t\t\t\t\t<div class=\"elementor-toggle\">\n\t\t\t\t\t\t\t<div class=\"elementor-toggle-item\">\n\t\t\t\t\t<h2 id=\"elementor-tab-title-1541\" class=\"elementor-tab-title\" data-tab=\"1\" role=\"button\" aria-controls=\"elementor-tab-content-1541\" aria-expanded=\"false\">\n\t\t\t\t\t\t\t\t\t\t\t\t<span class=\"elementor-toggle-icon elementor-toggle-icon-left\" aria-hidden=\"true\">\n\t\t\t\t\t\t\t\t\t\t\t\t\t\t\t<span class=\"elementor-toggle-icon-closed\"><svg class=\"e-font-icon-svg e-fas-caret-right\" viewBox=\"0 0 192 512\" xmlns=\"http:\/\/www.w3.org\/2000\/svg\"><path d=\"M0 384.662V127.338c0-17.818 21.543-26.741 34.142-14.142l128.662 128.662c7.81 7.81 7.81 20.474 0 28.284L34.142 398.804C21.543 411.404 0 402.48 0 384.662z\"><\/path><\/svg><\/span>\n\t\t\t\t\t\t\t\t<span class=\"elementor-toggle-icon-opened\"><svg class=\"elementor-toggle-icon-opened e-font-icon-svg e-fas-caret-up\" viewBox=\"0 0 320 512\" xmlns=\"http:\/\/www.w3.org\/2000\/svg\"><path d=\"M288.662 352H31.338c-17.818 0-26.741-21.543-14.142-34.142l128.662-128.662c7.81-7.81 20.474-7.81 28.284 0l128.662 128.662c12.6 12.599 3.676 34.142-14.142 34.142z\"><\/path><\/svg><\/span>\n\t\t\t\t\t\t\t\t\t\t\t\t\t<\/span>\n\t\t\t\t\t\t\t\t\t\t\t\t<a class=\"elementor-toggle-title\" tabindex=\"0\">PRESSEMITTEILUNG, 19.08.24: Baubeginn beim Dorfgemeinschaftshaus Hevensen\/Wolbrechtshausen f\u00fcr den Anbau eines Dorfladens mit Dorfcaf\u00e9 am Montag<\/a>\n\t\t\t\t\t<\/h2>\n\n\t\t\t\t\t<div id=\"elementor-tab-content-1541\" class=\"elementor-tab-content elementor-clearfix\" data-tab=\"1\" role=\"region\" aria-labelledby=\"elementor-tab-title-1541\"><p>Anfang August 2023 wurde der Bewilligungsbescheid vom Amt f\u00fcr regionale Landesentwicklung Braunschweig Gesch\u00e4ftsstelle G\u00f6ttingen kurz ArL erteilt. Damit war der Startschuss f\u00fcr das tolle Projekt gesetzt und es konnte endlich&#8230; <span style=\"text-decoration: underline;\"><a href=\"https:\/\/www.laden-treff.de\/d\/2024\/09\/06\/baubeginn-beim-dorfgemeinschaftshaus-hevensen-wolbrechtshausen-fuer-den-anbau-eines-dorfladens-mit-dorfcafe-am-montag-19-08-2024\/\"><strong>Weiterlesen<\/strong><\/a><\/span><\/p><\/div>\n\t\t\t\t<\/div>\n\t\t\t\t\t\t\t<div class=\"elementor-toggle-item\">\n\t\t\t\t\t<h2 id=\"elementor-tab-title-1542\" class=\"elementor-tab-title\" data-tab=\"2\" role=\"button\" aria-controls=\"elementor-tab-content-1542\" aria-expanded=\"false\">\n\t\t\t\t\t\t\t\t\t\t\t\t<span class=\"elementor-toggle-icon elementor-toggle-icon-left\" aria-hidden=\"true\">\n\t\t\t\t\t\t\t\t\t\t\t\t\t\t\t<span class=\"elementor-toggle-icon-closed\"><svg class=\"e-font-icon-svg e-fas-caret-right\" viewBox=\"0 0 192 512\" xmlns=\"http:\/\/www.w3.org\/2000\/svg\"><path d=\"M0 384.662V127.338c0-17.818 21.543-26.741 34.142-14.142l128.662 128.662c7.81 7.81 7.81 20.474 0 28.284L34.142 398.804C21.543 411.404 0 402.48 0 384.662z\"><\/path><\/svg><\/span>\n\t\t\t\t\t\t\t\t<span class=\"elementor-toggle-icon-opened\"><svg class=\"elementor-toggle-icon-opened e-font-icon-svg e-fas-caret-up\" viewBox=\"0 0 320 512\" xmlns=\"http:\/\/www.w3.org\/2000\/svg\"><path d=\"M288.662 352H31.338c-17.818 0-26.741-21.543-14.142-34.142l128.662-128.662c7.81-7.81 20.474-7.81 28.284 0l128.662 128.662c12.6 12.599 3.676 34.142-14.142 34.142z\"><\/path><\/svg><\/span>\n\t\t\t\t\t\t\t\t\t\t\t\t\t<\/span>\n\t\t\t\t\t\t\t\t\t\t\t\t<a class=\"elementor-toggle-title\" tabindex=\"0\">HALLO Northeim, 24.08.24: Ein Projekt, das zwei Gemeinden verbindet <\/a>\n\t\t\t\t\t<\/h2>\n\n\t\t\t\t\t<div id=\"elementor-tab-content-1542\" class=\"elementor-tab-content elementor-clearfix\" data-tab=\"2\" role=\"region\" aria-labelledby=\"elementor-tab-title-1542\"><p><a href=\"http:\/\/www.laden-treff.de\/d\/wp-content\/uploads\/2024\/09\/2408_Hallo_S01.pdf\">Hier zum Artikel <\/a>Hevensen\/Wolbrechtshausen \u2013 Lange hat man darauf hingearbeitet, nun ist der erste physische Schritt gegangen.<\/p><\/div>\n\t\t\t\t<\/div>\n\t\t\t\t\t\t\t<div class=\"elementor-toggle-item\">\n\t\t\t\t\t<h2 id=\"elementor-tab-title-1543\" class=\"elementor-tab-title\" data-tab=\"3\" role=\"button\" aria-controls=\"elementor-tab-content-1543\" aria-expanded=\"false\">\n\t\t\t\t\t\t\t\t\t\t\t\t<span class=\"elementor-toggle-icon elementor-toggle-icon-left\" aria-hidden=\"true\">\n\t\t\t\t\t\t\t\t\t\t\t\t\t\t\t<span class=\"elementor-toggle-icon-closed\"><svg class=\"e-font-icon-svg e-fas-caret-right\" viewBox=\"0 0 192 512\" xmlns=\"http:\/\/www.w3.org\/2000\/svg\"><path d=\"M0 384.662V127.338c0-17.818 21.543-26.741 34.142-14.142l128.662 128.662c7.81 7.81 7.81 20.474 0 28.284L34.142 398.804C21.543 411.404 0 402.48 0 384.662z\"><\/path><\/svg><\/span>\n\t\t\t\t\t\t\t\t<span class=\"elementor-toggle-icon-opened\"><svg class=\"elementor-toggle-icon-opened e-font-icon-svg e-fas-caret-up\" viewBox=\"0 0 320 512\" xmlns=\"http:\/\/www.w3.org\/2000\/svg\"><path d=\"M288.662 352H31.338c-17.818 0-26.741-21.543-14.142-34.142l128.662-128.662c7.81-7.81 20.474-7.81 28.284 0l128.662 128.662c12.6 12.599 3.676 34.142-14.142 34.142z\"><\/path><\/svg><\/span>\n\t\t\t\t\t\t\t\t\t\t\t\t\t<\/span>\n\t\t\t\t\t\t\t\t\t\t\t\t<a class=\"elementor-toggle-title\" tabindex=\"0\">PRESSEMITTEILUNG, 24.01.25: Richtfest beim Dorfgemeinschaftshaus Hevensen\/Wolbrechtshausen f\u00fcr den Anbau eines Dorfladens mit Dorfcaf\u00e9 am Freitag, 24.01.2025ten<\/a>\n\t\t\t\t\t<\/h2>\n\n\t\t\t\t\t<div id=\"elementor-tab-content-1543\" class=\"elementor-tab-content elementor-clearfix\" data-tab=\"3\" role=\"region\" aria-labelledby=\"elementor-tab-title-1543\"><p>Ende August 2024 startet die Dawe GmbH aus G\u00f6ttingen mit den Tiefbauarbeiten f\u00fcr den Anbau eines Dorfladens mit Caf\u00e9 am Dorfgemeinschaftshaus Hevensen\/Wolbrechtshausen (DGH). Vorab haben die Mitglieder der Genossenschaft &#8230; <strong><a href=\"https:\/\/www.laden-treff.de\/d\/2025\/02\/04\/richtfest-beim-dorfgemeinschaftshaus-hevensen-wolbrechtshausen-fuer-den-anbau-eines-dorfladens-mit-dorfcafe-am-freitag-24-01-2025\/\"><span style=\"text-decoration: underline;\">Weiterlesen<\/span><\/a><\/strong><\/p><\/div>\n\t\t\t\t<\/div>\n\t\t\t\t\t\t\t<div class=\"elementor-toggle-item\">\n\t\t\t\t\t<h2 id=\"elementor-tab-title-1544\" class=\"elementor-tab-title\" data-tab=\"4\" role=\"button\" aria-controls=\"elementor-tab-content-1544\" aria-expanded=\"false\">\n\t\t\t\t\t\t\t\t\t\t\t\t<span class=\"elementor-toggle-icon elementor-toggle-icon-left\" aria-hidden=\"true\">\n\t\t\t\t\t\t\t\t\t\t\t\t\t\t\t<span class=\"elementor-toggle-icon-closed\"><svg class=\"e-font-icon-svg e-fas-caret-right\" viewBox=\"0 0 192 512\" xmlns=\"http:\/\/www.w3.org\/2000\/svg\"><path d=\"M0 384.662V127.338c0-17.818 21.543-26.741 34.142-14.142l128.662 128.662c7.81 7.81 7.81 20.474 0 28.284L34.142 398.804C21.543 411.404 0 402.48 0 384.662z\"><\/path><\/svg><\/span>\n\t\t\t\t\t\t\t\t<span class=\"elementor-toggle-icon-opened\"><svg class=\"elementor-toggle-icon-opened e-font-icon-svg e-fas-caret-up\" viewBox=\"0 0 320 512\" xmlns=\"http:\/\/www.w3.org\/2000\/svg\"><path d=\"M288.662 352H31.338c-17.818 0-26.741-21.543-14.142-34.142l128.662-128.662c7.81-7.81 20.474-7.81 28.284 0l128.662 128.662c12.6 12.599 3.676 34.142-14.142 34.142z\"><\/path><\/svg><\/span>\n\t\t\t\t\t\t\t\t\t\t\t\t\t<\/span>\n\t\t\t\t\t\t\t\t\t\t\t\t<a class=\"elementor-toggle-title\" tabindex=\"0\">HNA, 27.01.25: Soziales Zentrum entsteht<\/a>\n\t\t\t\t\t<\/h2>\n\n\t\t\t\t\t<div id=\"elementor-tab-content-1544\" class=\"elementor-tab-content elementor-clearfix\" data-tab=\"4\" role=\"region\" aria-labelledby=\"elementor-tab-title-1544\"><p><a href=\"http:\/\/www.laden-treff.de\/d\/wp-content\/uploads\/2025\/03\/HNA-27.01.25-Richtfest.pdf\">Hier zum Artikel<\/a><\/p><\/div>\n\t\t\t\t<\/div>\n\t\t\t\t\t\t\t<div class=\"elementor-toggle-item\">\n\t\t\t\t\t<h2 id=\"elementor-tab-title-1545\" class=\"elementor-tab-title\" data-tab=\"5\" role=\"button\" aria-controls=\"elementor-tab-content-1545\" aria-expanded=\"false\">\n\t\t\t\t\t\t\t\t\t\t\t\t<span class=\"elementor-toggle-icon elementor-toggle-icon-left\" aria-hidden=\"true\">\n\t\t\t\t\t\t\t\t\t\t\t\t\t\t\t<span class=\"elementor-toggle-icon-closed\"><svg class=\"e-font-icon-svg e-fas-caret-right\" viewBox=\"0 0 192 512\" xmlns=\"http:\/\/www.w3.org\/2000\/svg\"><path d=\"M0 384.662V127.338c0-17.818 21.543-26.741 34.142-14.142l128.662 128.662c7.81 7.81 7.81 20.474 0 28.284L34.142 398.804C21.543 411.404 0 402.48 0 384.662z\"><\/path><\/svg><\/span>\n\t\t\t\t\t\t\t\t<span class=\"elementor-toggle-icon-opened\"><svg class=\"elementor-toggle-icon-opened e-font-icon-svg e-fas-caret-up\" viewBox=\"0 0 320 512\" xmlns=\"http:\/\/www.w3.org\/2000\/svg\"><path d=\"M288.662 352H31.338c-17.818 0-26.741-21.543-14.142-34.142l128.662-128.662c7.81-7.81 20.474-7.81 28.284 0l128.662 128.662c12.6 12.599 3.676 34.142-14.142 34.142z\"><\/path><\/svg><\/span>\n\t\t\t\t\t\t\t\t\t\t\t\t\t<\/span>\n\t\t\t\t\t\t\t\t\t\t\t\t<a class=\"elementor-toggle-title\" tabindex=\"0\">HALLO Northeim, 01.02.25: Ein weiterer Schritt ist getan<\/a>\n\t\t\t\t\t<\/h2>\n\n\t\t\t\t\t<div id=\"elementor-tab-content-1545\" class=\"elementor-tab-content elementor-clearfix\" data-tab=\"5\" role=\"region\" aria-labelledby=\"elementor-tab-title-1545\"><p><a href=\"http:\/\/www.laden-treff.de\/d\/wp-content\/uploads\/2025\/03\/HALLO-Northeim-01.02.25-Richtfest.pdf\">Hier zum Artikel<\/a>\u00a0<\/p><\/div>\n\t\t\t\t<\/div>\n\t\t\t\t\t\t\t<div class=\"elementor-toggle-item\">\n\t\t\t\t\t<h2 id=\"elementor-tab-title-1546\" class=\"elementor-tab-title\" data-tab=\"6\" role=\"button\" aria-controls=\"elementor-tab-content-1546\" aria-expanded=\"false\">\n\t\t\t\t\t\t\t\t\t\t\t\t<span class=\"elementor-toggle-icon elementor-toggle-icon-left\" aria-hidden=\"true\">\n\t\t\t\t\t\t\t\t\t\t\t\t\t\t\t<span class=\"elementor-toggle-icon-closed\"><svg class=\"e-font-icon-svg e-fas-caret-right\" viewBox=\"0 0 192 512\" xmlns=\"http:\/\/www.w3.org\/2000\/svg\"><path d=\"M0 384.662V127.338c0-17.818 21.543-26.741 34.142-14.142l128.662 128.662c7.81 7.81 7.81 20.474 0 28.284L34.142 398.804C21.543 411.404 0 402.48 0 384.662z\"><\/path><\/svg><\/span>\n\t\t\t\t\t\t\t\t<span class=\"elementor-toggle-icon-opened\"><svg class=\"elementor-toggle-icon-opened e-font-icon-svg e-fas-caret-up\" viewBox=\"0 0 320 512\" xmlns=\"http:\/\/www.w3.org\/2000\/svg\"><path d=\"M288.662 352H31.338c-17.818 0-26.741-21.543-14.142-34.142l128.662-128.662c7.81-7.81 20.474-7.81 28.284 0l128.662 128.662c12.6 12.599 3.676 34.142-14.142 34.142z\"><\/path><\/svg><\/span>\n\t\t\t\t\t\t\t\t\t\t\t\t\t<\/span>\n\t\t\t\t\t\t\t\t\t\t\t\t<a class=\"elementor-toggle-title\" tabindex=\"0\">HNA, 24.07.25: Tr\u00e4gergenossenschaft l\u00e4dt f\u00fcr den 23. August zur Er\u00f6ffnung ein<\/a>\n\t\t\t\t\t<\/h2>\n\n\t\t\t\t\t<div id=\"elementor-tab-content-1546\" class=\"elementor-tab-content elementor-clearfix\" data-tab=\"6\" role=\"region\" aria-labelledby=\"elementor-tab-title-1546\"><p>Hier zum <a href=\"https:\/\/www.hna.de\/lokales\/northeim\/noerten-hardenberg-ort80530\/hevenesne-oeffnet-in-vier-wochen-traegergenossenschaft-laedt-fuer-den-23-august-zur-eroeffnung-ein-dorfladen-fuer-wolbrechtshausen-udn-93845156.html\">Artikel<\/a><\/p><\/div>\n\t\t\t\t<\/div>\n\t\t\t\t\t\t\t<div class=\"elementor-toggle-item\">\n\t\t\t\t\t<h2 id=\"elementor-tab-title-1547\" class=\"elementor-tab-title\" data-tab=\"7\" role=\"button\" aria-controls=\"elementor-tab-content-1547\" aria-expanded=\"false\">\n\t\t\t\t\t\t\t\t\t\t\t\t<span class=\"elementor-toggle-icon elementor-toggle-icon-left\" aria-hidden=\"true\">\n\t\t\t\t\t\t\t\t\t\t\t\t\t\t\t<span class=\"elementor-toggle-icon-closed\"><svg class=\"e-font-icon-svg e-fas-caret-right\" viewBox=\"0 0 192 512\" xmlns=\"http:\/\/www.w3.org\/2000\/svg\"><path d=\"M0 384.662V127.338c0-17.818 21.543-26.741 34.142-14.142l128.662 128.662c7.81 7.81 7.81 20.474 0 28.284L34.142 398.804C21.543 411.404 0 402.48 0 384.662z\"><\/path><\/svg><\/span>\n\t\t\t\t\t\t\t\t<span class=\"elementor-toggle-icon-opened\"><svg class=\"elementor-toggle-icon-opened e-font-icon-svg e-fas-caret-up\" viewBox=\"0 0 320 512\" xmlns=\"http:\/\/www.w3.org\/2000\/svg\"><path d=\"M288.662 352H31.338c-17.818 0-26.741-21.543-14.142-34.142l128.662-128.662c7.81-7.81 20.474-7.81 28.284 0l128.662 128.662c12.6 12.599 3.676 34.142-14.142 34.142z\"><\/path><\/svg><\/span>\n\t\t\t\t\t\t\t\t\t\t\t\t\t<\/span>\n\t\t\t\t\t\t\t\t\t\t\t\t<a class=\"elementor-toggle-title\" tabindex=\"0\">Interview im Stadtradio G\u00f6ttingen<\/a>\n\t\t\t\t\t<\/h2>\n\n\t\t\t\t\t<div id=\"elementor-tab-content-1547\" class=\"elementor-tab-content elementor-clearfix\" data-tab=\"7\" role=\"region\" aria-labelledby=\"elementor-tab-title-1547\"><p>Backwaren, Fleisch, Eier und Vieles mehr. Das gibt es in Hevensen bald wieder im eigenen Ort zu kaufen \u2013 in dem neuen Dorfladen, dem LadenTreff. Gemeinsam mit dem Nachbarort Wolbrechtshausen und einer Genossenschaft haben die Ehrenamtlichen den Laden aufgebaut. Vor der Er\u00f6ffnung am Donnerstag hat Nico Mader mit Sabine Unger und Ute Grumme aus der Genossenschaft gesprochen.<\/p><p>Zum Interview: https:\/\/www.stadtradio-goettingen.de.\/beitraege\/wirtschaft\/von_hygieneartikeln_bis_kaffee_neuer_dorfladen_in_hevensen_deckt_taeglichen_bedarf\/<\/p><audio class=\"wp-audio-shortcode\" id=\"audio-651-1\" preload=\"none\" style=\"width: 100%;\" controls=\"controls\"><source type=\"audio\/mpeg\" src=\"http:\/\/www.laden-treff.de\/d\/wp-content\/uploads\/2025\/08\/Hevensen_pod-playout.mp3?_=1\" \/><a href=\"http:\/\/www.laden-treff.de\/d\/wp-content\/uploads\/2025\/08\/Hevensen_pod-playout.mp3\">http:\/\/www.laden-treff.de\/d\/wp-content\/uploads\/2025\/08\/Hevensen_pod-playout.mp3<\/a><\/audio><\/div>\n\t\t\t\t<\/div>\n\t\t\t\t\t\t\t\t<\/div>\n\t\t\t\t\t\t<\/div>\n\t\t\t\t<\/div>\n\t\t\t\t\t<\/div>\n\t\t\t\t<\/div>\n\t\t\t\t<\/div>\n\t\t","protected":false},"excerpt":{"rendered":"<p>Pressemitteilungen und Artikel \u00fcber den LadenTreff PRESSEMITTEILUNG, 19.08.24: Baubeginn beim Dorfgemeinschaftshaus Hevensen\/Wolbrechtshausen f\u00fcr den Anbau eines Dorfladens mit Dorfcaf\u00e9 am [&hellip;]<\/p>\n","protected":false},"author":2,"featured_media":0,"parent":0,"menu_order":0,"comment_status":"closed","ping_status":"closed","template":"","meta":{"site-sidebar-layout":"no-sidebar","site-content-layout":"","ast-site-content-layout":"full-width-container","site-content-style":"default","site-sidebar-style":"default","ast-global-header-display":"","ast-banner-title-visibility":"","ast-main-header-display":"","ast-hfb-above-header-display":"","ast-hfb-below-header-display":"","ast-hfb-mobile-header-display":"","site-post-title":"disabled","ast-breadcrumbs-content":"","ast-featured-img":"disabled","footer-sml-layout":"","theme-transparent-header-meta":"default","adv-header-id-meta":"","stick-header-meta":"","header-above-stick-meta":"","header-main-stick-meta":"","header-below-stick-meta":"","astra-migrate-meta-layouts":"set","ast-page-background-enabled":"default","ast-page-background-meta":{"desktop":{"background-color":"var(--ast-global-color-4)","background-image":"","background-repeat":"repeat","background-position":"center center","background-size":"auto","background-attachment":"scroll","background-type":"","background-media":"","overlay-type":"","overlay-color":"","overlay-opacity":"","overlay-gradient":""},"tablet":{"background-color":"","background-image":"","background-repeat":"repeat","background-position":"center center","background-size":"auto","background-attachment":"scroll","background-type":"","background-media":"","overlay-type":"","overlay-color":"","overlay-opacity":"","overlay-gradient":""},"mobile":{"background-color":"","background-image":"","background-repeat":"repeat","background-position":"center center","background-size":"auto","background-attachment":"scroll","background-type":"","background-media":"","overlay-type":"","overlay-color":"","overlay-opacity":"","overlay-gradient":""}},"ast-content-background-meta":{"desktop":{"background-color":"var(--ast-global-color-5)","background-image":"","background-repeat":"repeat","background-position":"center center","background-size":"auto","background-attachment":"scroll","background-type":"","background-media":"","overlay-type":"","overlay-color":"","overlay-opacity":"","overlay-gradient":""},"tablet":{"background-color":"var(--ast-global-color-5)","background-image":"","background-repeat":"repeat","background-position":"center center","background-size":"auto","background-attachment":"scroll","background-type":"","background-media":"","overlay-type":"","overlay-color":"","overlay-opacity":"","overlay-gradient":""},"mobile":{"background-color":"var(--ast-global-color-5)","background-image":"","background-repeat":"repeat","background-position":"center center","background-size":"auto","background-attachment":"scroll","background-type":"","background-media":"","overlay-type":"","overlay-color":"","overlay-opacity":"","overlay-gradient":""}},"footnotes":""},"class_list":["post-651","page","type-page","status-publish","hentry"],"yoast_head":"<!-- This site is optimized with the Yoast SEO plugin v27.4 - https:\/\/yoast.com\/product\/yoast-seo-wordpress\/ -->\n<title>Presse - Ladentreff Alte Schule<\/title>\n<meta name=\"robots\" content=\"index, follow, max-snippet:-1, max-image-preview:large, max-video-preview:-1\" \/>\n<link rel=\"canonical\" href=\"https:\/\/www.laden-treff.de\/d\/presse\/\" \/>\n<meta property=\"og:locale\" content=\"de_DE\" \/>\n<meta property=\"og:type\" content=\"article\" \/>\n<meta property=\"og:title\" content=\"Presse - Ladentreff Alte Schule\" \/>\n<meta property=\"og:description\" content=\"Pressemitteilungen und Artikel \u00fcber den LadenTreff PRESSEMITTEILUNG, 19.08.24: Baubeginn beim Dorfgemeinschaftshaus Hevensen\/Wolbrechtshausen f\u00fcr den Anbau eines Dorfladens mit Dorfcaf\u00e9 am [&hellip;]\" \/>\n<meta property=\"og:url\" content=\"https:\/\/www.laden-treff.de\/d\/presse\/\" \/>\n<meta property=\"og:site_name\" content=\"Ladentreff Alte Schule\" \/>\n<meta property=\"article:publisher\" content=\"https:\/\/www.facebook.com\/ladentreff\/\" \/>\n<meta property=\"article:modified_time\" content=\"2025-08-20T18:50:35+00:00\" \/>\n<meta name=\"twitter:card\" content=\"summary_large_image\" \/>\n<meta name=\"twitter:label1\" content=\"Gesch\u00e4tzte Lesezeit\" \/>\n\t<meta name=\"twitter:data1\" content=\"2\u00a0Minuten\" \/>\n<script type=\"application\/ld+json\" class=\"yoast-schema-graph\">{\"@context\":\"https:\\\/\\\/schema.org\",\"@graph\":[{\"@type\":\"WebPage\",\"@id\":\"https:\\\/\\\/www.laden-treff.de\\\/d\\\/presse\\\/\",\"url\":\"https:\\\/\\\/www.laden-treff.de\\\/d\\\/presse\\\/\",\"name\":\"Presse - Ladentreff Alte Schule\",\"isPartOf\":{\"@id\":\"https:\\\/\\\/www.laden-treff.de\\\/d\\\/#website\"},\"datePublished\":\"2024-09-06T20:40:18+00:00\",\"dateModified\":\"2025-08-20T18:50:35+00:00\",\"breadcrumb\":{\"@id\":\"https:\\\/\\\/www.laden-treff.de\\\/d\\\/presse\\\/#breadcrumb\"},\"inLanguage\":\"de\",\"potentialAction\":[{\"@type\":\"ReadAction\",\"target\":[\"https:\\\/\\\/www.laden-treff.de\\\/d\\\/presse\\\/\"]}]},{\"@type\":\"BreadcrumbList\",\"@id\":\"https:\\\/\\\/www.laden-treff.de\\\/d\\\/presse\\\/#breadcrumb\",\"itemListElement\":[{\"@type\":\"ListItem\",\"position\":1,\"name\":\"Startseite\",\"item\":\"https:\\\/\\\/www.laden-treff.de\\\/d\\\/\"},{\"@type\":\"ListItem\",\"position\":2,\"name\":\"Presse\"}]},{\"@type\":\"WebSite\",\"@id\":\"https:\\\/\\\/www.laden-treff.de\\\/d\\\/#website\",\"url\":\"https:\\\/\\\/www.laden-treff.de\\\/d\\\/\",\"name\":\"LadenTreff Alte Schule\",\"description\":\"Eine Website f\u00fcr den Dorfladen und das Dorfcaf\u00e9\",\"publisher\":{\"@id\":\"https:\\\/\\\/www.laden-treff.de\\\/d\\\/#organization\"},\"potentialAction\":[{\"@type\":\"SearchAction\",\"target\":{\"@type\":\"EntryPoint\",\"urlTemplate\":\"https:\\\/\\\/www.laden-treff.de\\\/d\\\/?s={search_term_string}\"},\"query-input\":{\"@type\":\"PropertyValueSpecification\",\"valueRequired\":true,\"valueName\":\"search_term_string\"}}],\"inLanguage\":\"de\"},{\"@type\":\"Organization\",\"@id\":\"https:\\\/\\\/www.laden-treff.de\\\/d\\\/#organization\",\"name\":\"Genossenschaft LadenTreff Alte Schule eG\",\"url\":\"https:\\\/\\\/www.laden-treff.de\\\/d\\\/\",\"logo\":{\"@type\":\"ImageObject\",\"inLanguage\":\"de\",\"@id\":\"https:\\\/\\\/www.laden-treff.de\\\/d\\\/#\\\/schema\\\/logo\\\/image\\\/\",\"url\":\"https:\\\/\\\/www.laden-treff.de\\\/d\\\/wp-content\\\/uploads\\\/2024\\\/04\\\/LOGO_LADENTREFF_DIN_A_4_CMYK-scaled.png\",\"contentUrl\":\"https:\\\/\\\/www.laden-treff.de\\\/d\\\/wp-content\\\/uploads\\\/2024\\\/04\\\/LOGO_LADENTREFF_DIN_A_4_CMYK-scaled.png\",\"width\":2560,\"height\":2560,\"caption\":\"Genossenschaft LadenTreff Alte Schule eG\"},\"image\":{\"@id\":\"https:\\\/\\\/www.laden-treff.de\\\/d\\\/#\\\/schema\\\/logo\\\/image\\\/\"},\"sameAs\":[\"https:\\\/\\\/www.facebook.com\\\/ladentreff\\\/\"]}]}<\/script>\n<!-- \/ Yoast SEO plugin. -->","yoast_head_json":{"title":"Presse - Ladentreff Alte Schule","robots":{"index":"index","follow":"follow","max-snippet":"max-snippet:-1","max-image-preview":"max-image-preview:large","max-video-preview":"max-video-preview:-1"},"canonical":"https:\/\/www.laden-treff.de\/d\/presse\/","og_locale":"de_DE","og_type":"article","og_title":"Presse - Ladentreff Alte Schule","og_description":"Pressemitteilungen und Artikel \u00fcber den LadenTreff PRESSEMITTEILUNG, 19.08.24: Baubeginn beim Dorfgemeinschaftshaus Hevensen\/Wolbrechtshausen f\u00fcr den Anbau eines Dorfladens mit Dorfcaf\u00e9 am [&hellip;]","og_url":"https:\/\/www.laden-treff.de\/d\/presse\/","og_site_name":"Ladentreff Alte Schule","article_publisher":"https:\/\/www.facebook.com\/ladentreff\/","article_modified_time":"2025-08-20T18:50:35+00:00","twitter_card":"summary_large_image","twitter_misc":{"Gesch\u00e4tzte Lesezeit":"2\u00a0Minuten"},"schema":{"@context":"https:\/\/schema.org","@graph":[{"@type":"WebPage","@id":"https:\/\/www.laden-treff.de\/d\/presse\/","url":"https:\/\/www.laden-treff.de\/d\/presse\/","name":"Presse - Ladentreff Alte Schule","isPartOf":{"@id":"https:\/\/www.laden-treff.de\/d\/#website"},"datePublished":"2024-09-06T20:40:18+00:00","dateModified":"2025-08-20T18:50:35+00:00","breadcrumb":{"@id":"https:\/\/www.laden-treff.de\/d\/presse\/#breadcrumb"},"inLanguage":"de","potentialAction":[{"@type":"ReadAction","target":["https:\/\/www.laden-treff.de\/d\/presse\/"]}]},{"@type":"BreadcrumbList","@id":"https:\/\/www.laden-treff.de\/d\/presse\/#breadcrumb","itemListElement":[{"@type":"ListItem","position":1,"name":"Startseite","item":"https:\/\/www.laden-treff.de\/d\/"},{"@type":"ListItem","position":2,"name":"Presse"}]},{"@type":"WebSite","@id":"https:\/\/www.laden-treff.de\/d\/#website","url":"https:\/\/www.laden-treff.de\/d\/","name":"LadenTreff Alte Schule","description":"Eine Website f\u00fcr den Dorfladen und das Dorfcaf\u00e9","publisher":{"@id":"https:\/\/www.laden-treff.de\/d\/#organization"},"potentialAction":[{"@type":"SearchAction","target":{"@type":"EntryPoint","urlTemplate":"https:\/\/www.laden-treff.de\/d\/?s={search_term_string}"},"query-input":{"@type":"PropertyValueSpecification","valueRequired":true,"valueName":"search_term_string"}}],"inLanguage":"de"},{"@type":"Organization","@id":"https:\/\/www.laden-treff.de\/d\/#organization","name":"Genossenschaft LadenTreff Alte Schule eG","url":"https:\/\/www.laden-treff.de\/d\/","logo":{"@type":"ImageObject","inLanguage":"de","@id":"https:\/\/www.laden-treff.de\/d\/#\/schema\/logo\/image\/","url":"https:\/\/www.laden-treff.de\/d\/wp-content\/uploads\/2024\/04\/LOGO_LADENTREFF_DIN_A_4_CMYK-scaled.png","contentUrl":"https:\/\/www.laden-treff.de\/d\/wp-content\/uploads\/2024\/04\/LOGO_LADENTREFF_DIN_A_4_CMYK-scaled.png","width":2560,"height":2560,"caption":"Genossenschaft LadenTreff Alte Schule eG"},"image":{"@id":"https:\/\/www.laden-treff.de\/d\/#\/schema\/logo\/image\/"},"sameAs":["https:\/\/www.facebook.com\/ladentreff\/"]}]}},"_links":{"self":[{"href":"https:\/\/www.laden-treff.de\/d\/wp-json\/wp\/v2\/pages\/651","targetHints":{"allow":["GET"]}}],"collection":[{"href":"https:\/\/www.laden-treff.de\/d\/wp-json\/wp\/v2\/pages"}],"about":[{"href":"https:\/\/www.laden-treff.de\/d\/wp-json\/wp\/v2\/types\/page"}],"author":[{"embeddable":true,"href":"https:\/\/www.laden-treff.de\/d\/wp-json\/wp\/v2\/users\/2"}],"replies":[{"embeddable":true,"href":"https:\/\/www.laden-treff.de\/d\/wp-json\/wp\/v2\/comments?post=651"}],"version-history":[{"count":40,"href":"https:\/\/www.laden-treff.de\/d\/wp-json\/wp\/v2\/pages\/651\/revisions"}],"predecessor-version":[{"id":1220,"href":"https:\/\/www.laden-treff.de\/d\/wp-json\/wp\/v2\/pages\/651\/revisions\/1220"}],"wp:attachment":[{"href":"https:\/\/www.laden-treff.de\/d\/wp-json\/wp\/v2\/media?parent=651"}],"curies":[{"name":"wp","href":"https:\/\/api.w.org\/{rel}","templated":true}]}}