{"id":371,"date":"2024-08-16T14:35:01","date_gmt":"2024-08-16T12:35:01","guid":{"rendered":"https:\/\/www.laden-treff.de\/d\/?page_id=371"},"modified":"2026-03-17T20:41:41","modified_gmt":"2026-03-17T19:41:41","slug":"impressum","status":"publish","type":"page","link":"https:\/\/www.laden-treff.de\/d\/projekt\/impressum\/","title":{"rendered":"Impressum"},"content":{"rendered":"\t\t<div data-elementor-type=\"wp-page\" data-elementor-id=\"371\" class=\"elementor elementor-371\">\n\t\t\t\t<div class=\"elementor-element elementor-element-9a8ca86 e-flex e-con-boxed e-con e-parent\" data-id=\"9a8ca86\" data-element_type=\"container\" data-e-type=\"container\">\n\t\t\t\t\t<div class=\"e-con-inner\">\n\t\t\t\t<div class=\"elementor-element elementor-element-3ee26de elementor-widget elementor-widget-spacer\" data-id=\"3ee26de\" data-element_type=\"widget\" data-e-type=\"widget\" data-widget_type=\"spacer.default\">\n\t\t\t\t<div class=\"elementor-widget-container\">\n\t\t\t\t\t\t\t<div class=\"elementor-spacer\">\n\t\t\t<div class=\"elementor-spacer-inner\"><\/div>\n\t\t<\/div>\n\t\t\t\t\t\t<\/div>\n\t\t\t\t<\/div>\n\t\t\t\t\t<\/div>\n\t\t\t\t<\/div>\n\t\t<div class=\"elementor-element elementor-element-08ac939 e-flex e-con-boxed e-con e-parent\" data-id=\"08ac939\" data-element_type=\"container\" data-e-type=\"container\">\n\t\t\t\t\t<div class=\"e-con-inner\">\n\t\t\t\t<div class=\"elementor-element elementor-element-f7d1189 elementor-widget elementor-widget-heading\" data-id=\"f7d1189\" data-element_type=\"widget\" data-e-type=\"widget\" data-widget_type=\"heading.default\">\n\t\t\t\t<div class=\"elementor-widget-container\">\n\t\t\t\t\t<h2 class=\"elementor-heading-title elementor-size-default\">Impressum<\/h2>\t\t\t\t<\/div>\n\t\t\t\t<\/div>\n\t\t\t\t\t<\/div>\n\t\t\t\t<\/div>\n\t\t<div class=\"elementor-element elementor-element-b249d2a e-flex e-con-boxed e-con e-parent\" data-id=\"b249d2a\" data-element_type=\"container\" data-e-type=\"container\">\n\t\t\t\t\t<div class=\"e-con-inner\">\n\t\t\t\t<div class=\"elementor-element elementor-element-015067c elementor-widget elementor-widget-text-editor\" data-id=\"015067c\" data-element_type=\"widget\" data-e-type=\"widget\" data-widget_type=\"text-editor.default\">\n\t\t\t\t<div class=\"elementor-widget-container\">\n\t\t\t\t\t\t\t\t\t<p>LadenTreff Alte Schule eG<br \/>Hevenser Stra\u00dfe 1<br \/>37181 Hevensen<\/p><p><strong>Genossenschaftsregister<\/strong>:<br \/>GenR 200024<br \/><strong>Registergericht:<\/strong> <br \/>Amtsgericht G\u00f6ttingen<\/p><p><strong>Vertreten durch:<\/strong><br \/>Martina Teuteberg<br \/>Axel Unger<br \/>Carsten Schult<br \/>Klaus Fricke<br \/>Annika B\u00f6hm<\/p><p><strong>Vorsitzender des Aufsichtsrats:<\/strong><br \/>Werner Thiele<\/p><p><strong>Kontakt:<\/strong><br \/>E-Mail: info@laden-treff.de<\/p><p><strong>Umsatzsteuer-ID Umsatzsteuer-Identifikationsnummer gem\u00e4\u00df \u00a7 27 a Umsatzsteuergesetz:<\/strong><br \/>DE449549024<\/p><p><strong>Redaktionell verantwortlich:<\/strong><br \/>Annika B\u00f6hm<\/p>\t\t\t\t\t\t\t\t<\/div>\n\t\t\t\t<\/div>\n\t\t\t\t\t<\/div>\n\t\t\t\t<\/div>\n\t\t\t\t<\/div>\n\t\t","protected":false},"excerpt":{"rendered":"<p>Impressum LadenTreff Alte Schule eGHevenser Stra\u00dfe 137181 Hevensen Genossenschaftsregister:GenR 200024Registergericht: Amtsgericht G\u00f6ttingen Vertreten durch:Martina TeutebergAxel UngerCarsten SchultKlaus FrickeAnnika B\u00f6hm Vorsitzender [&hellip;]<\/p>\n","protected":false},"author":2,"featured_media":0,"parent":2,"menu_order":0,"comment_status":"closed","ping_status":"closed","template":"","meta":{"site-sidebar-layout":"no-sidebar","site-content-layout":"","ast-site-content-layout":"full-width-container","site-content-style":"default","site-sidebar-style":"default","ast-global-header-display":"","ast-banner-title-visibility":"","ast-main-header-display":"","ast-hfb-above-header-display":"","ast-hfb-below-header-display":"","ast-hfb-mobile-header-display":"","site-post-title":"disabled","ast-breadcrumbs-content":"","ast-featured-img":"disabled","footer-sml-layout":"","theme-transparent-header-meta":"default","adv-header-id-meta":"","stick-header-meta":"","header-above-stick-meta":"","header-main-stick-meta":"","header-below-stick-meta":"","astra-migrate-meta-layouts":"set","ast-page-background-enabled":"default","ast-page-background-meta":{"desktop":{"background-color":"var(--ast-global-color-4)","background-image":"","background-repeat":"repeat","background-position":"center center","background-size":"auto","background-attachment":"scroll","background-type":"","background-media":"","overlay-type":"","overlay-color":"","overlay-opacity":"","overlay-gradient":""},"tablet":{"background-color":"","background-image":"","background-repeat":"repeat","background-position":"center center","background-size":"auto","background-attachment":"scroll","background-type":"","background-media":"","overlay-type":"","overlay-color":"","overlay-opacity":"","overlay-gradient":""},"mobile":{"background-color":"","background-image":"","background-repeat":"repeat","background-position":"center center","background-size":"auto","background-attachment":"scroll","background-type":"","background-media":"","overlay-type":"","overlay-color":"","overlay-opacity":"","overlay-gradient":""}},"ast-content-background-meta":{"desktop":{"background-color":"var(--ast-global-color-5)","background-image":"","background-repeat":"repeat","background-position":"center center","background-size":"auto","background-attachment":"scroll","background-type":"","background-media":"","overlay-type":"","overlay-color":"","overlay-opacity":"","overlay-gradient":""},"tablet":{"background-color":"var(--ast-global-color-5)","background-image":"","background-repeat":"repeat","background-position":"center center","background-size":"auto","background-attachment":"scroll","background-type":"","background-media":"","overlay-type":"","overlay-color":"","overlay-opacity":"","overlay-gradient":""},"mobile":{"background-color":"var(--ast-global-color-5)","background-image":"","background-repeat":"repeat","background-position":"center center","background-size":"auto","background-attachment":"scroll","background-type":"","background-media":"","overlay-type":"","overlay-color":"","overlay-opacity":"","overlay-gradient":""}},"footnotes":""},"class_list":["post-371","page","type-page","status-publish","hentry"],"yoast_head":"<!-- This site is optimized with the Yoast SEO plugin v27.6 - https:\/\/yoast.com\/product\/yoast-seo-wordpress\/ -->\n<title>Impressum - Ladentreff Alte Schule<\/title>\n<meta name=\"robots\" content=\"index, follow, max-snippet:-1, max-image-preview:large, max-video-preview:-1\" \/>\n<link rel=\"canonical\" href=\"https:\/\/www.laden-treff.de\/d\/projekt\/impressum\/\" \/>\n<meta property=\"og:locale\" content=\"de_DE\" \/>\n<meta property=\"og:type\" content=\"article\" \/>\n<meta property=\"og:title\" content=\"Impressum - Ladentreff Alte Schule\" \/>\n<meta property=\"og:description\" content=\"Impressum LadenTreff Alte Schule eGHevenser Stra\u00dfe 137181 Hevensen Genossenschaftsregister:GenR 200024Registergericht: Amtsgericht G\u00f6ttingen Vertreten durch:Martina TeutebergAxel UngerCarsten SchultKlaus FrickeAnnika B\u00f6hm Vorsitzender [&hellip;]\" \/>\n<meta property=\"og:url\" content=\"https:\/\/www.laden-treff.de\/d\/projekt\/impressum\/\" \/>\n<meta property=\"og:site_name\" content=\"Ladentreff Alte Schule\" \/>\n<meta property=\"article:publisher\" content=\"https:\/\/www.facebook.com\/ladentreff\/\" \/>\n<meta property=\"article:modified_time\" content=\"2026-03-17T19:41:41+00:00\" \/>\n<meta name=\"twitter:card\" content=\"summary_large_image\" \/>\n<meta name=\"twitter:label1\" content=\"Gesch\u00e4tzte Lesezeit\" \/>\n\t<meta name=\"twitter:data1\" content=\"1\u00a0Minute\" \/>\n<script type=\"application\/ld+json\" class=\"yoast-schema-graph\">{\"@context\":\"https:\\\/\\\/schema.org\",\"@graph\":[{\"@type\":\"WebPage\",\"@id\":\"https:\\\/\\\/www.laden-treff.de\\\/d\\\/projekt\\\/impressum\\\/\",\"url\":\"https:\\\/\\\/www.laden-treff.de\\\/d\\\/projekt\\\/impressum\\\/\",\"name\":\"Impressum - Ladentreff Alte Schule\",\"isPartOf\":{\"@id\":\"https:\\\/\\\/www.laden-treff.de\\\/d\\\/#website\"},\"datePublished\":\"2024-08-16T12:35:01+00:00\",\"dateModified\":\"2026-03-17T19:41:41+00:00\",\"breadcrumb\":{\"@id\":\"https:\\\/\\\/www.laden-treff.de\\\/d\\\/projekt\\\/impressum\\\/#breadcrumb\"},\"inLanguage\":\"de\",\"potentialAction\":[{\"@type\":\"ReadAction\",\"target\":[\"https:\\\/\\\/www.laden-treff.de\\\/d\\\/projekt\\\/impressum\\\/\"]}]},{\"@type\":\"BreadcrumbList\",\"@id\":\"https:\\\/\\\/www.laden-treff.de\\\/d\\\/projekt\\\/impressum\\\/#breadcrumb\",\"itemListElement\":[{\"@type\":\"ListItem\",\"position\":1,\"name\":\"Startseite\",\"item\":\"https:\\\/\\\/www.laden-treff.de\\\/d\\\/\"},{\"@type\":\"ListItem\",\"position\":2,\"name\":\"LadenTreff Alte Schule eG\",\"item\":\"https:\\\/\\\/www.laden-treff.de\\\/d\\\/\"},{\"@type\":\"ListItem\",\"position\":3,\"name\":\"Impressum\"}]},{\"@type\":\"WebSite\",\"@id\":\"https:\\\/\\\/www.laden-treff.de\\\/d\\\/#website\",\"url\":\"https:\\\/\\\/www.laden-treff.de\\\/d\\\/\",\"name\":\"LadenTreff Alte Schule\",\"description\":\"Eine Website f\u00fcr den Dorfladen und das Dorfcaf\u00e9\",\"publisher\":{\"@id\":\"https:\\\/\\\/www.laden-treff.de\\\/d\\\/#organization\"},\"potentialAction\":[{\"@type\":\"SearchAction\",\"target\":{\"@type\":\"EntryPoint\",\"urlTemplate\":\"https:\\\/\\\/www.laden-treff.de\\\/d\\\/?s={search_term_string}\"},\"query-input\":{\"@type\":\"PropertyValueSpecification\",\"valueRequired\":true,\"valueName\":\"search_term_string\"}}],\"inLanguage\":\"de\"},{\"@type\":\"Organization\",\"@id\":\"https:\\\/\\\/www.laden-treff.de\\\/d\\\/#organization\",\"name\":\"Genossenschaft LadenTreff Alte Schule eG\",\"url\":\"https:\\\/\\\/www.laden-treff.de\\\/d\\\/\",\"logo\":{\"@type\":\"ImageObject\",\"inLanguage\":\"de\",\"@id\":\"https:\\\/\\\/www.laden-treff.de\\\/d\\\/#\\\/schema\\\/logo\\\/image\\\/\",\"url\":\"https:\\\/\\\/www.laden-treff.de\\\/d\\\/wp-content\\\/uploads\\\/2024\\\/04\\\/LOGO_LADENTREFF_DIN_A_4_CMYK-scaled.png\",\"contentUrl\":\"https:\\\/\\\/www.laden-treff.de\\\/d\\\/wp-content\\\/uploads\\\/2024\\\/04\\\/LOGO_LADENTREFF_DIN_A_4_CMYK-scaled.png\",\"width\":2560,\"height\":2560,\"caption\":\"Genossenschaft LadenTreff Alte Schule eG\"},\"image\":{\"@id\":\"https:\\\/\\\/www.laden-treff.de\\\/d\\\/#\\\/schema\\\/logo\\\/image\\\/\"},\"sameAs\":[\"https:\\\/\\\/www.facebook.com\\\/ladentreff\\\/\"]}]}<\/script>\n<!-- \/ Yoast SEO plugin. -->","yoast_head_json":{"title":"Impressum - Ladentreff Alte Schule","robots":{"index":"index","follow":"follow","max-snippet":"max-snippet:-1","max-image-preview":"max-image-preview:large","max-video-preview":"max-video-preview:-1"},"canonical":"https:\/\/www.laden-treff.de\/d\/projekt\/impressum\/","og_locale":"de_DE","og_type":"article","og_title":"Impressum - Ladentreff Alte Schule","og_description":"Impressum LadenTreff Alte Schule eGHevenser Stra\u00dfe 137181 Hevensen Genossenschaftsregister:GenR 200024Registergericht: Amtsgericht G\u00f6ttingen Vertreten durch:Martina TeutebergAxel UngerCarsten SchultKlaus FrickeAnnika B\u00f6hm Vorsitzender [&hellip;]","og_url":"https:\/\/www.laden-treff.de\/d\/projekt\/impressum\/","og_site_name":"Ladentreff Alte Schule","article_publisher":"https:\/\/www.facebook.com\/ladentreff\/","article_modified_time":"2026-03-17T19:41:41+00:00","twitter_card":"summary_large_image","twitter_misc":{"Gesch\u00e4tzte Lesezeit":"1\u00a0Minute"},"schema":{"@context":"https:\/\/schema.org","@graph":[{"@type":"WebPage","@id":"https:\/\/www.laden-treff.de\/d\/projekt\/impressum\/","url":"https:\/\/www.laden-treff.de\/d\/projekt\/impressum\/","name":"Impressum - Ladentreff Alte Schule","isPartOf":{"@id":"https:\/\/www.laden-treff.de\/d\/#website"},"datePublished":"2024-08-16T12:35:01+00:00","dateModified":"2026-03-17T19:41:41+00:00","breadcrumb":{"@id":"https:\/\/www.laden-treff.de\/d\/projekt\/impressum\/#breadcrumb"},"inLanguage":"de","potentialAction":[{"@type":"ReadAction","target":["https:\/\/www.laden-treff.de\/d\/projekt\/impressum\/"]}]},{"@type":"BreadcrumbList","@id":"https:\/\/www.laden-treff.de\/d\/projekt\/impressum\/#breadcrumb","itemListElement":[{"@type":"ListItem","position":1,"name":"Startseite","item":"https:\/\/www.laden-treff.de\/d\/"},{"@type":"ListItem","position":2,"name":"LadenTreff Alte Schule eG","item":"https:\/\/www.laden-treff.de\/d\/"},{"@type":"ListItem","position":3,"name":"Impressum"}]},{"@type":"WebSite","@id":"https:\/\/www.laden-treff.de\/d\/#website","url":"https:\/\/www.laden-treff.de\/d\/","name":"LadenTreff Alte Schule","description":"Eine Website f\u00fcr den Dorfladen und das Dorfcaf\u00e9","publisher":{"@id":"https:\/\/www.laden-treff.de\/d\/#organization"},"potentialAction":[{"@type":"SearchAction","target":{"@type":"EntryPoint","urlTemplate":"https:\/\/www.laden-treff.de\/d\/?s={search_term_string}"},"query-input":{"@type":"PropertyValueSpecification","valueRequired":true,"valueName":"search_term_string"}}],"inLanguage":"de"},{"@type":"Organization","@id":"https:\/\/www.laden-treff.de\/d\/#organization","name":"Genossenschaft LadenTreff Alte Schule eG","url":"https:\/\/www.laden-treff.de\/d\/","logo":{"@type":"ImageObject","inLanguage":"de","@id":"https:\/\/www.laden-treff.de\/d\/#\/schema\/logo\/image\/","url":"https:\/\/www.laden-treff.de\/d\/wp-content\/uploads\/2024\/04\/LOGO_LADENTREFF_DIN_A_4_CMYK-scaled.png","contentUrl":"https:\/\/www.laden-treff.de\/d\/wp-content\/uploads\/2024\/04\/LOGO_LADENTREFF_DIN_A_4_CMYK-scaled.png","width":2560,"height":2560,"caption":"Genossenschaft LadenTreff Alte Schule eG"},"image":{"@id":"https:\/\/www.laden-treff.de\/d\/#\/schema\/logo\/image\/"},"sameAs":["https:\/\/www.facebook.com\/ladentreff\/"]}]}},"_links":{"self":[{"href":"https:\/\/www.laden-treff.de\/d\/wp-json\/wp\/v2\/pages\/371","targetHints":{"allow":["GET"]}}],"collection":[{"href":"https:\/\/www.laden-treff.de\/d\/wp-json\/wp\/v2\/pages"}],"about":[{"href":"https:\/\/www.laden-treff.de\/d\/wp-json\/wp\/v2\/types\/page"}],"author":[{"embeddable":true,"href":"https:\/\/www.laden-treff.de\/d\/wp-json\/wp\/v2\/users\/2"}],"replies":[{"embeddable":true,"href":"https:\/\/www.laden-treff.de\/d\/wp-json\/wp\/v2\/comments?post=371"}],"version-history":[{"count":40,"href":"https:\/\/www.laden-treff.de\/d\/wp-json\/wp\/v2\/pages\/371\/revisions"}],"predecessor-version":[{"id":1612,"href":"https:\/\/www.laden-treff.de\/d\/wp-json\/wp\/v2\/pages\/371\/revisions\/1612"}],"up":[{"embeddable":true,"href":"https:\/\/www.laden-treff.de\/d\/wp-json\/wp\/v2\/pages\/2"}],"wp:attachment":[{"href":"https:\/\/www.laden-treff.de\/d\/wp-json\/wp\/v2\/media?parent=371"}],"curies":[{"name":"wp","href":"https:\/\/api.w.org\/{rel}","templated":true}]}}