{"id":128,"date":"2024-08-15T19:29:30","date_gmt":"2024-08-15T17:29:30","guid":{"rendered":"https:\/\/www.laden-treff.de\/d\/?page_id=128"},"modified":"2025-11-23T12:52:43","modified_gmt":"2025-11-23T11:52:43","slug":"das-cafe","status":"publish","type":"page","link":"https:\/\/www.laden-treff.de\/d\/das-cafe\/","title":{"rendered":"Das Caf\u00e9"},"content":{"rendered":"\t\t<div data-elementor-type=\"wp-page\" data-elementor-id=\"128\" class=\"elementor elementor-128\">\n\t\t\t\t<div class=\"elementor-element elementor-element-4a04b22 e-con-full e-flex e-con e-parent\" data-id=\"4a04b22\" data-element_type=\"container\" data-e-type=\"container\" data-settings=\"{&quot;background_background&quot;:&quot;classic&quot;}\">\n\t\t\t\t<div class=\"elementor-element elementor-element-8f5d681 elementor-widget elementor-widget-spacer\" data-id=\"8f5d681\" data-element_type=\"widget\" data-e-type=\"widget\" data-widget_type=\"spacer.default\">\n\t\t\t\t<div class=\"elementor-widget-container\">\n\t\t\t\t\t\t\t<div class=\"elementor-spacer\">\n\t\t\t<div class=\"elementor-spacer-inner\"><\/div>\n\t\t<\/div>\n\t\t\t\t\t\t<\/div>\n\t\t\t\t<\/div>\n\t\t\t\t<\/div>\n\t\t<div class=\"elementor-element elementor-element-7306f07 e-flex e-con-boxed e-con e-parent\" data-id=\"7306f07\" data-element_type=\"container\" data-e-type=\"container\">\n\t\t\t\t\t<div class=\"e-con-inner\">\n\t\t\t\t<div class=\"elementor-element elementor-element-e1ae2b0 elementor-widget elementor-widget-heading\" data-id=\"e1ae2b0\" data-element_type=\"widget\" data-e-type=\"widget\" data-widget_type=\"heading.default\">\n\t\t\t\t<div class=\"elementor-widget-container\">\n\t\t\t\t\t<h1 class=\"elementor-heading-title elementor-size-default\">Das Caf\u00e9<\/h1>\t\t\t\t<\/div>\n\t\t\t\t<\/div>\n\t\t\t\t\t<\/div>\n\t\t\t\t<\/div>\n\t\t<div class=\"elementor-element elementor-element-1a2f43f e-flex e-con-boxed e-con e-parent\" data-id=\"1a2f43f\" data-element_type=\"container\" data-e-type=\"container\">\n\t\t\t\t\t<div class=\"e-con-inner\">\n\t\t<div class=\"elementor-element elementor-element-61e5164 e-con-full e-flex e-con e-child\" data-id=\"61e5164\" data-element_type=\"container\" data-e-type=\"container\">\n\t\t\t\t<div class=\"elementor-element elementor-element-1032906 elementor-widget elementor-widget-text-editor\" data-id=\"1032906\" data-element_type=\"widget\" data-e-type=\"widget\" data-widget_type=\"text-editor.default\">\n\t\t\t\t<div class=\"elementor-widget-container\">\n\t\t\t\t\t\t\t\t\t<p dir=\"auto\">Unser Caf\u00e9 im \u201eLadenTreff Alte Schule\u201c ist jetzt ge\u00f6ffnet und bietet Dir einen gem\u00fctlichen Ort zum Abschalten und Treffen. Direkt nach dem Einkauf kannst Du von montags bis samstags bei frisch gebr\u00fchtem Kaffee und einer Auswahl leckerer Kuchen und s\u00fc\u00dfer Teilchen von der B\u00e4ckerei Beckmann eine kleine Pause einlegen.<\/p><p dir=\"auto\">Besonders sonntags laden wir Dich ein, unseren selbstgebackenen Kuchen und Torten zu probieren, die Ehrenamtliche aus der Dorfgemeinschaft mit viel Engagement backen. Damit k\u00f6nnen wir eine tolle Auswahl an erstklassigen Kuchen und Torten pr\u00e4sentieren und schaffen Raum f\u00fcr Gespr\u00e4che und Gemeinschaft.<\/p><p dir=\"auto\"><strong>Diese selbstgebackenen Kuchen und Torten d\u00fcrfen wir nicht au\u00dfer Haus verkaufen<\/strong>, da wir keine Konditormeisterin oder Meister besch\u00e4ftigen.\u00a0<\/p><p dir=\"auto\">Das Caf\u00e9 ist offen f\u00fcr alle \u2013 langj\u00e4hrige Nachbarn genauso wie neue Mitb\u00fcrgerinnen und Mitb\u00fcrger. Zus\u00e4tzlich planen wir regelm\u00e4\u00dfige Veranstaltungen, um das Dorfleben weiter zu beleben und zu f\u00f6rdern.<\/p><p dir=\"auto\"><strong>Komm vorbei, genie\u00dfe das Angebot und werde vielleicht auch Teil unserer Backgemeinschaft! Bei Interesse, melde dich gerne unter info@laden-treff.de<\/strong><\/p>\t\t\t\t\t\t\t\t<\/div>\n\t\t\t\t<\/div>\n\t\t\t\t<\/div>\n\t\t<div class=\"elementor-element elementor-element-7208141 e-con-full e-flex e-con e-child\" data-id=\"7208141\" data-element_type=\"container\" data-e-type=\"container\">\n\t\t\t\t<div class=\"elementor-element elementor-element-aee5452 elementor-widget elementor-widget-image\" data-id=\"aee5452\" data-element_type=\"widget\" data-e-type=\"widget\" data-widget_type=\"image.default\">\n\t\t\t\t<div class=\"elementor-widget-container\">\n\t\t\t\t\t\t\t\t\t\t\t\t\t\t\t<img fetchpriority=\"high\" decoding=\"async\" width=\"700\" height=\"700\" src=\"https:\/\/www.laden-treff.de\/d\/wp-content\/uploads\/2025\/08\/Foto-14.08.25-10-28-51-1-700x700.jpg\" class=\"attachment-tp-image-grid size-tp-image-grid wp-image-1172\" alt=\"Mehrere Sitzgruppen stehen in einem Raum. An der Wand h\u00e4ngen Bilder.\" srcset=\"https:\/\/www.laden-treff.de\/d\/wp-content\/uploads\/2025\/08\/Foto-14.08.25-10-28-51-1-700x700.jpg 700w, https:\/\/www.laden-treff.de\/d\/wp-content\/uploads\/2025\/08\/Foto-14.08.25-10-28-51-1-150x150.jpg 150w\" sizes=\"(max-width: 700px) 100vw, 700px\" \/>\t\t\t\t\t\t\t\t\t\t\t\t\t\t\t<\/div>\n\t\t\t\t<\/div>\n\t\t\t\t<\/div>\n\t\t\t\t\t<\/div>\n\t\t\t\t<\/div>\n\t\t<div class=\"elementor-element elementor-element-71dddf7 e-flex e-con-boxed e-con e-parent\" data-id=\"71dddf7\" data-element_type=\"container\" data-e-type=\"container\">\n\t\t\t\t\t<div class=\"e-con-inner\">\n\t\t<div class=\"elementor-element elementor-element-c6ab64f e-grid e-con-full e-con e-child\" data-id=\"c6ab64f\" data-element_type=\"container\" data-e-type=\"container\">\n\t\t\t\t<div class=\"elementor-element elementor-element-eae16da elementor-widget elementor-widget-image\" data-id=\"eae16da\" data-element_type=\"widget\" data-e-type=\"widget\" data-widget_type=\"image.default\">\n\t\t\t\t<div class=\"elementor-widget-container\">\n\t\t\t\t\t\t\t\t\t\t\t\t\t\t\t<img decoding=\"async\" width=\"700\" height=\"700\" src=\"https:\/\/www.laden-treff.de\/d\/wp-content\/uploads\/2025\/08\/Foto-17.08.25-15-48-36-scaled-e1755711631440-700x700.jpg\" class=\"attachment-tp-image-grid size-tp-image-grid wp-image-1182\" alt=\"Auf einer Terasse sitzen einige Menschen und trinken Kaffee. Im Vordergrund sitzen zwei Kinder an einem Spieltisch.\" srcset=\"https:\/\/www.laden-treff.de\/d\/wp-content\/uploads\/2025\/08\/Foto-17.08.25-15-48-36-scaled-e1755711631440-700x700.jpg 700w, https:\/\/www.laden-treff.de\/d\/wp-content\/uploads\/2025\/08\/Foto-17.08.25-15-48-36-scaled-e1755711631440-150x150.jpg 150w\" sizes=\"(max-width: 700px) 100vw, 700px\" \/>\t\t\t\t\t\t\t\t\t\t\t\t\t\t\t<\/div>\n\t\t\t\t<\/div>\n\t\t\t\t<div class=\"elementor-element elementor-element-0f3eb93 elementor-widget elementor-widget-image\" data-id=\"0f3eb93\" data-element_type=\"widget\" data-e-type=\"widget\" data-widget_type=\"image.default\">\n\t\t\t\t<div class=\"elementor-widget-container\">\n\t\t\t\t\t\t\t\t\t\t\t\t\t\t\t<img decoding=\"async\" width=\"700\" height=\"700\" src=\"https:\/\/www.laden-treff.de\/d\/wp-content\/uploads\/2025\/08\/Foto-17.08.25-14-16-54-scaled-e1755715158709-700x700.jpg\" class=\"attachment-tp-image-grid size-tp-image-grid wp-image-1212\" alt=\"\" srcset=\"https:\/\/www.laden-treff.de\/d\/wp-content\/uploads\/2025\/08\/Foto-17.08.25-14-16-54-scaled-e1755715158709-700x700.jpg 700w, https:\/\/www.laden-treff.de\/d\/wp-content\/uploads\/2025\/08\/Foto-17.08.25-14-16-54-scaled-e1755715158709-150x150.jpg 150w\" sizes=\"(max-width: 700px) 100vw, 700px\" \/>\t\t\t\t\t\t\t\t\t\t\t\t\t\t\t<\/div>\n\t\t\t\t<\/div>\n\t\t\t\t<\/div>\n\t\t\t\t\t<\/div>\n\t\t\t\t<\/div>\n\t\t<div class=\"elementor-element elementor-element-6fbd978 e-flex e-con-boxed e-con e-parent\" data-id=\"6fbd978\" data-element_type=\"container\" data-e-type=\"container\">\n\t\t\t\t\t<div class=\"e-con-inner\">\n\t\t\t\t<div class=\"elementor-element elementor-element-54b7e4a elementor-widget elementor-widget-image\" data-id=\"54b7e4a\" data-element_type=\"widget\" data-e-type=\"widget\" data-widget_type=\"image.default\">\n\t\t\t\t<div class=\"elementor-widget-container\">\n\t\t\t\t\t\t\t\t\t\t\t\t\t\t\t<img loading=\"lazy\" decoding=\"async\" width=\"1024\" height=\"576\" src=\"https:\/\/www.laden-treff.de\/d\/wp-content\/uploads\/2024\/08\/WhatsApp-Image-2024-03-10-at-17.27.54-1024x576.jpeg\" class=\"attachment-large size-large wp-image-130\" alt=\"\" srcset=\"https:\/\/www.laden-treff.de\/d\/wp-content\/uploads\/2024\/08\/WhatsApp-Image-2024-03-10-at-17.27.54-1024x576.jpeg 1024w, https:\/\/www.laden-treff.de\/d\/wp-content\/uploads\/2024\/08\/WhatsApp-Image-2024-03-10-at-17.27.54-300x169.jpeg 300w, https:\/\/www.laden-treff.de\/d\/wp-content\/uploads\/2024\/08\/WhatsApp-Image-2024-03-10-at-17.27.54-768x432.jpeg 768w, https:\/\/www.laden-treff.de\/d\/wp-content\/uploads\/2024\/08\/WhatsApp-Image-2024-03-10-at-17.27.54-1536x864.jpeg 1536w, https:\/\/www.laden-treff.de\/d\/wp-content\/uploads\/2024\/08\/WhatsApp-Image-2024-03-10-at-17.27.54.jpeg 1600w\" sizes=\"(max-width: 1024px) 100vw, 1024px\" \/>\t\t\t\t\t\t\t\t\t\t\t\t\t\t\t<\/div>\n\t\t\t\t<\/div>\n\t\t\t\t\t<\/div>\n\t\t\t\t<\/div>\n\t\t\t\t<\/div>\n\t\t","protected":false},"excerpt":{"rendered":"<p>Das Caf\u00e9 Unser Caf\u00e9 im \u201eLadenTreff Alte Schule\u201c ist jetzt ge\u00f6ffnet und bietet Dir einen gem\u00fctlichen Ort zum Abschalten und [&hellip;]<\/p>\n","protected":false},"author":2,"featured_media":0,"parent":0,"menu_order":0,"comment_status":"closed","ping_status":"closed","template":"elementor_header_footer","meta":{"site-sidebar-layout":"no-sidebar","site-content-layout":"","ast-site-content-layout":"full-width-container","site-content-style":"default","site-sidebar-style":"default","ast-global-header-display":"","ast-banner-title-visibility":"","ast-main-header-display":"","ast-hfb-above-header-display":"","ast-hfb-below-header-display":"","ast-hfb-mobile-header-display":"","site-post-title":"disabled","ast-breadcrumbs-content":"","ast-featured-img":"disabled","footer-sml-layout":"","theme-transparent-header-meta":"default","adv-header-id-meta":"","stick-header-meta":"","header-above-stick-meta":"","header-main-stick-meta":"","header-below-stick-meta":"","astra-migrate-meta-layouts":"set","ast-page-background-enabled":"default","ast-page-background-meta":{"desktop":{"background-color":"var(--ast-global-color-4)","background-image":"","background-repeat":"repeat","background-position":"center center","background-size":"auto","background-attachment":"scroll","background-type":"","background-media":"","overlay-type":"","overlay-color":"","overlay-opacity":"","overlay-gradient":""},"tablet":{"background-color":"","background-image":"","background-repeat":"repeat","background-position":"center center","background-size":"auto","background-attachment":"scroll","background-type":"","background-media":"","overlay-type":"","overlay-color":"","overlay-opacity":"","overlay-gradient":""},"mobile":{"background-color":"","background-image":"","background-repeat":"repeat","background-position":"center center","background-size":"auto","background-attachment":"scroll","background-type":"","background-media":"","overlay-type":"","overlay-color":"","overlay-opacity":"","overlay-gradient":""}},"ast-content-background-meta":{"desktop":{"background-color":"var(--ast-global-color-5)","background-image":"","background-repeat":"repeat","background-position":"center center","background-size":"auto","background-attachment":"scroll","background-type":"","background-media":"","overlay-type":"","overlay-color":"","overlay-opacity":"","overlay-gradient":""},"tablet":{"background-color":"var(--ast-global-color-5)","background-image":"","background-repeat":"repeat","background-position":"center center","background-size":"auto","background-attachment":"scroll","background-type":"","background-media":"","overlay-type":"","overlay-color":"","overlay-opacity":"","overlay-gradient":""},"mobile":{"background-color":"var(--ast-global-color-5)","background-image":"","background-repeat":"repeat","background-position":"center center","background-size":"auto","background-attachment":"scroll","background-type":"","background-media":"","overlay-type":"","overlay-color":"","overlay-opacity":"","overlay-gradient":""}},"footnotes":""},"class_list":["post-128","page","type-page","status-publish","hentry"],"yoast_head":"<!-- This site is optimized with the Yoast SEO plugin v27.6 - https:\/\/yoast.com\/product\/yoast-seo-wordpress\/ -->\n<title>Das Caf\u00e9 - Ladentreff Alte Schule<\/title>\n<meta name=\"robots\" content=\"index, follow, max-snippet:-1, max-image-preview:large, max-video-preview:-1\" \/>\n<link rel=\"canonical\" href=\"https:\/\/www.laden-treff.de\/d\/das-cafe\/\" \/>\n<meta property=\"og:locale\" content=\"de_DE\" \/>\n<meta property=\"og:type\" content=\"article\" \/>\n<meta property=\"og:title\" content=\"Das Caf\u00e9 - Ladentreff Alte Schule\" \/>\n<meta property=\"og:description\" content=\"Das Caf\u00e9 Unser Caf\u00e9 im \u201eLadenTreff Alte Schule\u201c ist jetzt ge\u00f6ffnet und bietet Dir einen gem\u00fctlichen Ort zum Abschalten und [&hellip;]\" \/>\n<meta property=\"og:url\" content=\"https:\/\/www.laden-treff.de\/d\/das-cafe\/\" \/>\n<meta property=\"og:site_name\" content=\"Ladentreff Alte Schule\" \/>\n<meta property=\"article:publisher\" content=\"https:\/\/www.facebook.com\/ladentreff\/\" \/>\n<meta property=\"article:modified_time\" content=\"2025-11-23T11:52:43+00:00\" \/>\n<meta property=\"og:image\" content=\"http:\/\/www.laden-treff.de\/d\/wp-content\/uploads\/2025\/08\/Foto-14.08.25-10-28-51-1-700x700.jpg\" \/>\n<meta name=\"twitter:card\" content=\"summary_large_image\" \/>\n<meta name=\"twitter:label1\" content=\"Gesch\u00e4tzte Lesezeit\" \/>\n\t<meta name=\"twitter:data1\" content=\"2\u00a0Minuten\" \/>\n<script type=\"application\/ld+json\" class=\"yoast-schema-graph\">{\"@context\":\"https:\\\/\\\/schema.org\",\"@graph\":[{\"@type\":\"WebPage\",\"@id\":\"https:\\\/\\\/www.laden-treff.de\\\/d\\\/das-cafe\\\/\",\"url\":\"https:\\\/\\\/www.laden-treff.de\\\/d\\\/das-cafe\\\/\",\"name\":\"Das Caf\u00e9 - Ladentreff Alte Schule\",\"isPartOf\":{\"@id\":\"https:\\\/\\\/www.laden-treff.de\\\/d\\\/#website\"},\"primaryImageOfPage\":{\"@id\":\"https:\\\/\\\/www.laden-treff.de\\\/d\\\/das-cafe\\\/#primaryimage\"},\"image\":{\"@id\":\"https:\\\/\\\/www.laden-treff.de\\\/d\\\/das-cafe\\\/#primaryimage\"},\"thumbnailUrl\":\"http:\\\/\\\/www.laden-treff.de\\\/d\\\/wp-content\\\/uploads\\\/2025\\\/08\\\/Foto-14.08.25-10-28-51-1-700x700.jpg\",\"datePublished\":\"2024-08-15T17:29:30+00:00\",\"dateModified\":\"2025-11-23T11:52:43+00:00\",\"breadcrumb\":{\"@id\":\"https:\\\/\\\/www.laden-treff.de\\\/d\\\/das-cafe\\\/#breadcrumb\"},\"inLanguage\":\"de\",\"potentialAction\":[{\"@type\":\"ReadAction\",\"target\":[\"https:\\\/\\\/www.laden-treff.de\\\/d\\\/das-cafe\\\/\"]}]},{\"@type\":\"ImageObject\",\"inLanguage\":\"de\",\"@id\":\"https:\\\/\\\/www.laden-treff.de\\\/d\\\/das-cafe\\\/#primaryimage\",\"url\":\"https:\\\/\\\/www.laden-treff.de\\\/d\\\/wp-content\\\/uploads\\\/2025\\\/08\\\/Foto-14.08.25-10-28-51-1.jpg\",\"contentUrl\":\"https:\\\/\\\/www.laden-treff.de\\\/d\\\/wp-content\\\/uploads\\\/2025\\\/08\\\/Foto-14.08.25-10-28-51-1.jpg\",\"width\":1600,\"height\":1200,\"caption\":\"Mehrere Sitzgruppen stehen in einem Raum. An der Wand h\u00e4ngen Bilder.\"},{\"@type\":\"BreadcrumbList\",\"@id\":\"https:\\\/\\\/www.laden-treff.de\\\/d\\\/das-cafe\\\/#breadcrumb\",\"itemListElement\":[{\"@type\":\"ListItem\",\"position\":1,\"name\":\"Startseite\",\"item\":\"https:\\\/\\\/www.laden-treff.de\\\/d\\\/\"},{\"@type\":\"ListItem\",\"position\":2,\"name\":\"Das Caf\u00e9\"}]},{\"@type\":\"WebSite\",\"@id\":\"https:\\\/\\\/www.laden-treff.de\\\/d\\\/#website\",\"url\":\"https:\\\/\\\/www.laden-treff.de\\\/d\\\/\",\"name\":\"LadenTreff Alte Schule\",\"description\":\"Eine Website f\u00fcr den Dorfladen und das Dorfcaf\u00e9\",\"publisher\":{\"@id\":\"https:\\\/\\\/www.laden-treff.de\\\/d\\\/#organization\"},\"potentialAction\":[{\"@type\":\"SearchAction\",\"target\":{\"@type\":\"EntryPoint\",\"urlTemplate\":\"https:\\\/\\\/www.laden-treff.de\\\/d\\\/?s={search_term_string}\"},\"query-input\":{\"@type\":\"PropertyValueSpecification\",\"valueRequired\":true,\"valueName\":\"search_term_string\"}}],\"inLanguage\":\"de\"},{\"@type\":\"Organization\",\"@id\":\"https:\\\/\\\/www.laden-treff.de\\\/d\\\/#organization\",\"name\":\"Genossenschaft LadenTreff Alte Schule eG\",\"url\":\"https:\\\/\\\/www.laden-treff.de\\\/d\\\/\",\"logo\":{\"@type\":\"ImageObject\",\"inLanguage\":\"de\",\"@id\":\"https:\\\/\\\/www.laden-treff.de\\\/d\\\/#\\\/schema\\\/logo\\\/image\\\/\",\"url\":\"https:\\\/\\\/www.laden-treff.de\\\/d\\\/wp-content\\\/uploads\\\/2024\\\/04\\\/LOGO_LADENTREFF_DIN_A_4_CMYK-scaled.png\",\"contentUrl\":\"https:\\\/\\\/www.laden-treff.de\\\/d\\\/wp-content\\\/uploads\\\/2024\\\/04\\\/LOGO_LADENTREFF_DIN_A_4_CMYK-scaled.png\",\"width\":2560,\"height\":2560,\"caption\":\"Genossenschaft LadenTreff Alte Schule eG\"},\"image\":{\"@id\":\"https:\\\/\\\/www.laden-treff.de\\\/d\\\/#\\\/schema\\\/logo\\\/image\\\/\"},\"sameAs\":[\"https:\\\/\\\/www.facebook.com\\\/ladentreff\\\/\"]}]}<\/script>\n<!-- \/ Yoast SEO plugin. -->","yoast_head_json":{"title":"Das Caf\u00e9 - Ladentreff Alte Schule","robots":{"index":"index","follow":"follow","max-snippet":"max-snippet:-1","max-image-preview":"max-image-preview:large","max-video-preview":"max-video-preview:-1"},"canonical":"https:\/\/www.laden-treff.de\/d\/das-cafe\/","og_locale":"de_DE","og_type":"article","og_title":"Das Caf\u00e9 - Ladentreff Alte Schule","og_description":"Das Caf\u00e9 Unser Caf\u00e9 im \u201eLadenTreff Alte Schule\u201c ist jetzt ge\u00f6ffnet und bietet Dir einen gem\u00fctlichen Ort zum Abschalten und [&hellip;]","og_url":"https:\/\/www.laden-treff.de\/d\/das-cafe\/","og_site_name":"Ladentreff Alte Schule","article_publisher":"https:\/\/www.facebook.com\/ladentreff\/","article_modified_time":"2025-11-23T11:52:43+00:00","og_image":[{"url":"http:\/\/www.laden-treff.de\/d\/wp-content\/uploads\/2025\/08\/Foto-14.08.25-10-28-51-1-700x700.jpg","type":"","width":"","height":""}],"twitter_card":"summary_large_image","twitter_misc":{"Gesch\u00e4tzte Lesezeit":"2\u00a0Minuten"},"schema":{"@context":"https:\/\/schema.org","@graph":[{"@type":"WebPage","@id":"https:\/\/www.laden-treff.de\/d\/das-cafe\/","url":"https:\/\/www.laden-treff.de\/d\/das-cafe\/","name":"Das Caf\u00e9 - Ladentreff Alte Schule","isPartOf":{"@id":"https:\/\/www.laden-treff.de\/d\/#website"},"primaryImageOfPage":{"@id":"https:\/\/www.laden-treff.de\/d\/das-cafe\/#primaryimage"},"image":{"@id":"https:\/\/www.laden-treff.de\/d\/das-cafe\/#primaryimage"},"thumbnailUrl":"http:\/\/www.laden-treff.de\/d\/wp-content\/uploads\/2025\/08\/Foto-14.08.25-10-28-51-1-700x700.jpg","datePublished":"2024-08-15T17:29:30+00:00","dateModified":"2025-11-23T11:52:43+00:00","breadcrumb":{"@id":"https:\/\/www.laden-treff.de\/d\/das-cafe\/#breadcrumb"},"inLanguage":"de","potentialAction":[{"@type":"ReadAction","target":["https:\/\/www.laden-treff.de\/d\/das-cafe\/"]}]},{"@type":"ImageObject","inLanguage":"de","@id":"https:\/\/www.laden-treff.de\/d\/das-cafe\/#primaryimage","url":"https:\/\/www.laden-treff.de\/d\/wp-content\/uploads\/2025\/08\/Foto-14.08.25-10-28-51-1.jpg","contentUrl":"https:\/\/www.laden-treff.de\/d\/wp-content\/uploads\/2025\/08\/Foto-14.08.25-10-28-51-1.jpg","width":1600,"height":1200,"caption":"Mehrere Sitzgruppen stehen in einem Raum. An der Wand h\u00e4ngen Bilder."},{"@type":"BreadcrumbList","@id":"https:\/\/www.laden-treff.de\/d\/das-cafe\/#breadcrumb","itemListElement":[{"@type":"ListItem","position":1,"name":"Startseite","item":"https:\/\/www.laden-treff.de\/d\/"},{"@type":"ListItem","position":2,"name":"Das Caf\u00e9"}]},{"@type":"WebSite","@id":"https:\/\/www.laden-treff.de\/d\/#website","url":"https:\/\/www.laden-treff.de\/d\/","name":"LadenTreff Alte Schule","description":"Eine Website f\u00fcr den Dorfladen und das Dorfcaf\u00e9","publisher":{"@id":"https:\/\/www.laden-treff.de\/d\/#organization"},"potentialAction":[{"@type":"SearchAction","target":{"@type":"EntryPoint","urlTemplate":"https:\/\/www.laden-treff.de\/d\/?s={search_term_string}"},"query-input":{"@type":"PropertyValueSpecification","valueRequired":true,"valueName":"search_term_string"}}],"inLanguage":"de"},{"@type":"Organization","@id":"https:\/\/www.laden-treff.de\/d\/#organization","name":"Genossenschaft LadenTreff Alte Schule eG","url":"https:\/\/www.laden-treff.de\/d\/","logo":{"@type":"ImageObject","inLanguage":"de","@id":"https:\/\/www.laden-treff.de\/d\/#\/schema\/logo\/image\/","url":"https:\/\/www.laden-treff.de\/d\/wp-content\/uploads\/2024\/04\/LOGO_LADENTREFF_DIN_A_4_CMYK-scaled.png","contentUrl":"https:\/\/www.laden-treff.de\/d\/wp-content\/uploads\/2024\/04\/LOGO_LADENTREFF_DIN_A_4_CMYK-scaled.png","width":2560,"height":2560,"caption":"Genossenschaft LadenTreff Alte Schule eG"},"image":{"@id":"https:\/\/www.laden-treff.de\/d\/#\/schema\/logo\/image\/"},"sameAs":["https:\/\/www.facebook.com\/ladentreff\/"]}]}},"_links":{"self":[{"href":"https:\/\/www.laden-treff.de\/d\/wp-json\/wp\/v2\/pages\/128","targetHints":{"allow":["GET"]}}],"collection":[{"href":"https:\/\/www.laden-treff.de\/d\/wp-json\/wp\/v2\/pages"}],"about":[{"href":"https:\/\/www.laden-treff.de\/d\/wp-json\/wp\/v2\/types\/page"}],"author":[{"embeddable":true,"href":"https:\/\/www.laden-treff.de\/d\/wp-json\/wp\/v2\/users\/2"}],"replies":[{"embeddable":true,"href":"https:\/\/www.laden-treff.de\/d\/wp-json\/wp\/v2\/comments?post=128"}],"version-history":[{"count":79,"href":"https:\/\/www.laden-treff.de\/d\/wp-json\/wp\/v2\/pages\/128\/revisions"}],"predecessor-version":[{"id":1438,"href":"https:\/\/www.laden-treff.de\/d\/wp-json\/wp\/v2\/pages\/128\/revisions\/1438"}],"wp:attachment":[{"href":"https:\/\/www.laden-treff.de\/d\/wp-json\/wp\/v2\/media?parent=128"}],"curies":[{"name":"wp","href":"https:\/\/api.w.org\/{rel}","templated":true}]}}